{"id":584,"date":"2017-10-23T16:41:31","date_gmt":"2017-10-23T14:41:31","guid":{"rendered":"https:\/\/nonscuoterlo.terredeshommes.it\/contact\/"},"modified":"2024-01-11T17:37:11","modified_gmt":"2024-01-11T16:37:11","slug":"contact","status":"publish","type":"page","link":"https:\/\/nonscuoterlo.terredeshommes.it\/fr\/contact\/","title":{"rendered":"Contact"},"content":{"rendered":"<p>[et_pb_section fb_built=\u00a0\u00bb1&Prime; background_color=\u00a0\u00bb#2ea3f2&Prime; fullwidth=\u00a0\u00bbon\u00a0\u00bb _builder_version=\u00a0\u00bb3.0.47&Prime;][et_pb_fullwidth_header title=\u00a0\u00bbContact\u00a0\u00bb background_layout=\u00a0\u00bbdark\u00a0\u00bb admin_label=\u00a0\u00bbFullwidth Header\u00a0\u00bb _builder_version=\u00a0\u00bb3.0.82&Prime; background_color=\u00a0\u00bb#00adb4&Prime; max_width_tablet=\u00a0\u00bb50px\u00a0\u00bb][\/et_pb_fullwidth_header][\/et_pb_section][et_pb_section fb_built=\u00a0\u00bb1&Prime; _builder_version=\u00a0\u00bb3.0.47&Prime;][et_pb_row _builder_version=\u00a0\u00bb3.0.47&Prime; background_size=\u00a0\u00bbinitial\u00a0\u00bb background_position=\u00a0\u00bbtop_left\u00a0\u00bb background_repeat=\u00a0\u00bbrepeat\u00a0\u00bb _i=\u00a0\u00bb0&Prime; _address=\u00a0\u00bb1.0&Prime;][et_pb_column type=\u00a0\u00bb4_4&Prime; _builder_version=\u00a0\u00bb3.0.47&Prime; parallax=\u00a0\u00bboff\u00a0\u00bb parallax_method=\u00a0\u00bbon\u00a0\u00bb][et_pb_text admin_label=\u00a0\u00bbText\u00a0\u00bb _builder_version=\u00a0\u00bb3.0.82&Prime; background_size=\u00a0\u00bbinitial\u00a0\u00bb background_position=\u00a0\u00bbtop_left\u00a0\u00bb background_repeat=\u00a0\u00bbrepeat\u00a0\u00bb]<\/p>\n<h2>Terre des Hommes Italie<\/h2>\n<p><img loading=\"lazy\" decoding=\"async\" class=\"alignleft size-full wp-image-45\" src=\"https:\/\/nonscuoterlo.terredeshommes.it\/wp-content\/uploads\/2017\/10\/logo_tdh.png\" alt=\"logo_tdh\" width=\"281\" height=\"60\"><\/p>\n<div class=\"footer2-txt\">Via M. M. Boiardo 6 &#8211; 20127 Milan<\/div>\n<div class=\"footer2-txt\">Tel +39 02 28970418<br \/>\n<a href=\"mailto:info@tdhitaly.org\">comunicazione@tdhitaly.org<\/a><\/div>\n<p>[\/et_pb_text][\/et_pb_column][\/et_pb_row][et_pb_row _builder_version=\u00a0\u00bb3.0.47&Prime; background_size=\u00a0\u00bbinitial\u00a0\u00bb background_position=\u00a0\u00bbtop_left\u00a0\u00bb background_repeat=\u00a0\u00bbrepeat\u00a0\u00bb _i=\u00a0\u00bb1&Prime; _address=\u00a0\u00bb1.1&Prime;][et_pb_column type=\u00a0\u00bb1_2&Prime; _builder_version=\u00a0\u00bb3.0.47&Prime; parallax=\u00a0\u00bboff\u00a0\u00bb parallax_method=\u00a0\u00bbon\u00a0\u00bb][et_pb_text admin_label=\u00a0\u00bbText\u00a0\u00bb _builder_version=\u00a0\u00bb3.0.82&Prime; background_size=\u00a0\u00bbinitial\u00a0\u00bb background_position=\u00a0\u00bbtop_left\u00a0\u00bb background_repeat=\u00a0\u00bbrepeat\u00a0\u00bb module_alignment=\u00a0\u00bbleft\u00a0\u00bb]<\/p>\n<h3>Clinique ambulatoire Bambi Turin<\/h3>\n<p><img loading=\"lazy\" decoding=\"async\" class=\"alignleft size-full wp-image-110\" src=\"https:\/\/nonscuoterlo.terredeshommes.it\/wp-content\/uploads\/2017\/10\/torino.png\" alt=\"torino\" width=\"150\" height=\"150\"><\/p>\n<p class=\"p1\"><span class=\"s1\"><br \/>\n  <b>Clinique ambulatoire Bambi<br \/>\n<\/b><br \/>\n<\/span><span class=\"s1\"><br \/>\n  <b>Azienda Ospedaliero-Universitaria Citt\u00e0 della Salute e della Scienza de Turin<br \/>\n<\/b><br \/>\n<\/span><span class=\"s1\">Via Zuretti, 23 &#8211; Turin<br \/>\n<\/span><span class=\"s1\">T\u00e9l. 011 3135833<br \/>\n<\/span><span class=\"s2\">Courriel : <a href=\"mailto:ecoppo@cittadellasalute.it\"><br \/>\n  <span class=\"s3\">ecoppo@cittadellasalute.it<br \/>\n<\/span><br \/>\n<\/a><\/span><span class=\"s2\">Site : <a href=\"http:\/\/www.cittadellasalute.to.it\/\"><br \/>\n  <span class=\"s3\">http:\/\/www.cittadellasalute.to.it<\/span><br \/>\n<\/a><\/span><\/p>\n<p>[\/et_pb_text][\/et_pb_column][et_pb_column type=\u00a0\u00bb1_2&Prime; _builder_version=\u00a0\u00bb3.0.47&Prime; parallax=\u00a0\u00bboff\u00a0\u00bb parallax_method=\u00a0\u00bbon\u00a0\u00bb][et_pb_text admin_label=\u00a0\u00bbText\u00a0\u00bb _builder_version=\u00a0\u00bb3.0.82&Prime; background_size=\u00a0\u00bbinitial\u00a0\u00bb background_position=\u00a0\u00bbtop_left\u00a0\u00bb background_repeat=\u00a0\u00bbrepeat\u00a0\u00bb module_alignment=\u00a0\u00bbleft\u00a0\u00bb]<\/p>\n<h3>Polyclinique SVSeD de Milan<\/h3>\n<p><img loading=\"lazy\" decoding=\"async\" class=\"alignleft size-full wp-image-107\" src=\"https:\/\/nonscuoterlo.terredeshommes.it\/wp-content\/uploads\/2017\/10\/policnico-mi.png\" alt=\"polyclinique milan\" width=\"150\" height=\"150\"><\/p>\n<p class=\"p1\"><span class=\"s1\"><br \/>\n  <b>SVSeD &#8211; Aide aux victimes de violences sexuelles et domestiques<br \/>\n<\/b><br \/>\n<\/span><span class=\"s1\"><br \/>\n  <b>Fondazione IRCCS Ca&rsquo; Granda Ospedale Maggiore Policlinico<br \/>\n<\/b><br \/>\n<\/span><span class=\"s1\">Via Commenda, 12 &#8211; Milan<br \/>\n<\/span><span class=\"s1\">T\u00e9l. 02 55032359<br \/>\n<\/span><span class=\"s2\">Courriel : <a href=\"mailto:svsed@policlinico.mi.it\"><br \/>\n  <span class=\"s3\">svsed@policlinico.mi.it<br \/>\n<\/span><br \/>\n<\/a><\/span><span class=\"s2\">Site : <a href=\"http:\/\/www.policlinico.mi.it\/reparti\/57\/pronto-soccorso-e-accettazione-ostetrico-ginecologica-svsed-e-consultori-familiari\">Polyclinique web<\/a><\/span><\/p>\n<p>[\/et_pb_text][\/et_pb_column][\/et_pb_row][et_pb_row _builder_version=\u00a0\u00bb3.0.47&Prime; background_size=\u00a0\u00bbinitial\u00a0\u00bb background_position=\u00a0\u00bbtop_left\u00a0\u00bb background_repeat=\u00a0\u00bbrepeat\u00a0\u00bb _i=\u00a0\u00bb2&Prime; _address=\u00a0\u00bb1.2&Prime;][et_pb_column type=\u00a0\u00bb1_2&Prime; _builder_version=\u00a0\u00bb3.0.47&Prime; parallax=\u00a0\u00bboff\u00a0\u00bb parallax_method=\u00a0\u00bbon\u00a0\u00bb][et_pb_text admin_label=\u00a0\u00bbText\u00a0\u00bb _builder_version=\u00a0\u00bb3.0.82&Prime; background_size=\u00a0\u00bbinitial\u00a0\u00bb background_position=\u00a0\u00bbtop_left\u00a0\u00bb background_repeat=\u00a0\u00bbrepeat\u00a0\u00bb module_alignment=\u00a0\u00bbleft\u00a0\u00bb]<\/p>\n<h3>H\u00f4pital pour enfants Vittore Buzzi<\/h3>\n<p><img loading=\"lazy\" decoding=\"async\" class=\"alignleft size-full wp-image-108\" src=\"https:\/\/nonscuoterlo.terredeshommes.it\/wp-content\/uploads\/2017\/10\/buzzi-mi.png\" alt=\"buzzi milan\" width=\"150\" height=\"150\"><\/p>\n<p class=\"p1\"><span class=\"s1\"><br \/>\n  <b>H\u00f4pital pour enfants \u00ab\u00a0Vittore Buzzi<br \/>\n<\/b><br \/>\n<\/span><span class=\"s1\">Via Lodovico Castelvetro, 32 &#8211; Milan<br \/>\n<\/span><span class=\"s1\">T\u00e9l. 02 57995322<br \/>\n<\/span><span class=\"s2\">E-mail : <a href=\"mailto:lucia.romeo@asst-fbf-sacco.it\"><span class=\"s3\">lucia.romeo@asst-fbf-sacco.it<\/span><\/a><\/span><\/p>\n<p>[\/et_pb_text][\/et_pb_column][et_pb_column type=\u00a0\u00bb1_2&Prime; _builder_version=\u00a0\u00bb3.0.47&Prime; parallax=\u00a0\u00bboff\u00a0\u00bb parallax_method=\u00a0\u00bbon\u00a0\u00bb][et_pb_text admin_label=\u00a0\u00bbText\u00a0\u00bb _builder_version=\u00a0\u00bb3.0.82&Prime; background_size=\u00a0\u00bbinitial\u00a0\u00bb background_position=\u00a0\u00bbtop_left\u00a0\u00bb background_repeat=\u00a0\u00bbrepeat\u00a0\u00bb module_alignment=\u00a0\u00bbleft\u00a0\u00bb]<\/p>\n<h3>H\u00f4pital de Padoue<\/h3>\n<p><img loading=\"lazy\" decoding=\"async\" class=\"alignleft size-full wp-image-109\" src=\"https:\/\/nonscuoterlo.terredeshommes.it\/wp-content\/uploads\/2017\/10\/padova.png\" alt=\"\" width=\"150\" height=\"150\"><\/p>\n<p class=\"p1\"><span class=\"s1\"><br \/>\n  <b>Centre r\u00e9gional pour le diagnostic des enfants maltrait\u00e9s Unit\u00e9 de crise pour les enfants et les familles<br \/>\n<\/b><br \/>\n<\/span><span class=\"s1\"><br \/>\n  <b>H\u00f4pital de Padoue<br \/>\n<\/b><br \/>\n<\/span><span class=\"s1\">Via Giustiniani, 3 &#8211; Padoue<br \/>\n<\/span><span class=\"s1\">T\u00e9l. 049 8211632<br \/>\n<\/span><span class=\"s2\">Courriel : <a href=\"mailto:centrobambinomaltrattato@aopd.veneto.it\"><br \/>\n  <span class=\"s3\">centrobambinomaltrattato@aopd.veneto.it<br \/>\n<\/span><br \/>\n<\/a><\/span><span class=\"s2\">Site : <a href=\"http:\/\/www.sdb.unipd.it\/centro-regionale-la-diagnostica-del-bambino-maltrattato\"><br \/>\n  <span class=\"s3\">http:\/\/www.sdb.unipd.it\/centro-regionale-la-diagnostica-del-bambino-maltrattato<\/span><br \/>\n<\/a><\/span><\/p>\n<p>[\/et_pb_text][\/et_pb_column][\/et_pb_row][et_pb_row _builder_version=\u00a0\u00bb3.0.47&Prime; background_size=\u00a0\u00bbinitial\u00a0\u00bb background_position=\u00a0\u00bbtop_left\u00a0\u00bb background_repeat=\u00a0\u00bbrepeat\u00a0\u00bb _i=\u00a0\u00bb3&Prime; _address=\u00a0\u00bb1.3&Prime;][et_pb_column type=\u00a0\u00bb1_2&Prime; _builder_version=\u00a0\u00bb3.0.47&Prime; parallax=\u00a0\u00bboff\u00a0\u00bb parallax_method=\u00a0\u00bbon\u00a0\u00bb][et_pb_text admin_label=\u00a0\u00bbText\u00a0\u00bb _builder_version=\u00a0\u00bb3.0.82&Prime; background_size=\u00a0\u00bbinitial\u00a0\u00bb background_position=\u00a0\u00bbtop_left\u00a0\u00bb background_repeat=\u00a0\u00bbrepeat\u00a0\u00bb module_alignment=\u00a0\u00bbleft\u00a0\u00bb]<\/p>\n<h3>Azienda Ospedaliero-Universitaria Meyer Florence<\/h3>\n<p><img loading=\"lazy\" decoding=\"async\" class=\"alignleft size-full wp-image-111\" src=\"https:\/\/nonscuoterlo.terredeshommes.it\/wp-content\/uploads\/2017\/10\/firenze.png\" alt=\"Florence\" width=\"150\" height=\"150\"><\/p>\n<p class=\"p1\"><span class=\"s2\"><b>GA<\/b><\/span><span class=\"s3\"><b>I<\/b><\/span><span class=\"s2\"><b>A &#8211; Groupe sur les abus envers les enfants et les adolescents<br \/>\n<\/b><\/span><span class=\"s2\"><b>Soci\u00e9t\u00e9 hospitali\u00e8re<\/b><\/span><span class=\"s3\"><b>&#8211;<\/b><\/span><span class=\"s2\"><b>Universit\u00e9 Meyer<br \/>\n<\/b><\/span><span class=\"s2\">0Viale Pieraccini, 24 &#8211; Florence<br \/>\n<\/span><span class=\"s2\">T\u00e9l. 055 5662332<br \/>\n<\/span><span class=\"s4\">Courriel : <a href=\"mailto:gaia@meyer.it\"><br \/>\n  <span class=\"s5\">gaia@meyer.it<br \/>\n<\/span><br \/>\n<\/a><\/span><span class=\"s4\">Site :<\/span><span class=\"s3\"> <a href=\"http:\/\/www.meyer.it\/cura-e-assistenza\/attivita-sanitarie\/590-sportello-gaia\"><span class=\"s6\">http:\/\/www.meyer.it\/cura-e-assistenza\/attivita-sanitarie\/590-sportello-gaia<\/span><\/a><\/span><\/p>\n<p>[\/et_pb_text][et_pb_text admin_label=\u00a0\u00bbText\u00a0\u00bb _builder_version=\u00a0\u00bb3.0.82&Prime; background_size=\u00a0\u00bbinitial\u00a0\u00bb background_position=\u00a0\u00bbtop_left\u00a0\u00bb background_repeat=\u00a0\u00bbrepeat\u00a0\u00bb module_alignment=\u00a0\u00bbleft\u00a0\u00bb]<\/p>\n<h3>Institut Giannina Gaslini<\/h3>\n<p><img loading=\"lazy\" decoding=\"async\" src=\"https:\/\/nonscuoterlo.terredeshommes.it\/wp-content\/uploads\/2021\/04\/gaslini-sito.jpg\" width=\"150\" height=\"150\" alt=\"\" class=\"wp-image-163 alignleft size-full\" style=\"font-size: 14px;\"><\/p>\n<p class=\"p1\"><span class=\"s2\"><strong>La maison de l&rsquo;arbre<\/strong><br \/><strong>Salle. 20 &#8211; H\u00f4pital Gaslini<\/strong><br \/>Via Gerolamo Gaslini, 5 &#8211; G\u00eanes<br \/>Tel : 010 56362852<br \/>Courriel : <a href=\"mailto:info@gaslinionlus.it\">info@gaslinionlus.it<\/a><br \/>Site web <a href=\"http:\/\/www.gaslini.org\/\">: http:\/\/www.gaslini.org\/<\/a><\/span><br \/><span class=\"s3\"><\/span><\/p>\n<p>&nbsp;<\/p>\n<p>[\/et_pb_text][\/et_pb_column][et_pb_column type=\u00a0\u00bb1_2&Prime; _builder_version=\u00a0\u00bb3.0.47&Prime; parallax=\u00a0\u00bboff\u00a0\u00bb parallax_method=\u00a0\u00bbon\u00a0\u00bb][et_pb_text admin_label=\u00a0\u00bbText\u00a0\u00bb _builder_version=\u00a0\u00bb3.0.82&Prime; background_size=\u00a0\u00bbinitial\u00a0\u00bb background_position=\u00a0\u00bbtop_left\u00a0\u00bb background_repeat=\u00a0\u00bbrepeat\u00a0\u00bb module_alignment=\u00a0\u00bbleft\u00a0\u00bb]<\/p>\n<h3>Azienda Ospedaliero-Universitaria Policlinico Bari<\/h3>\n<p><img loading=\"lazy\" decoding=\"async\" class=\"alignleft size-full wp-image-112\" src=\"https:\/\/nonscuoterlo.terredeshommes.it\/wp-content\/uploads\/2017\/10\/bari.png\" alt=\"bari\" width=\"150\" height=\"150\"><\/p>\n<p class=\"p1\"><span class=\"s1\"><br \/>\n  <b>GIADA &#8211; Groupe interdisciplinaire d&rsquo;aide aux femmes et aux enfants victimes de maltraitance<br \/> <\/b><br \/>\n<\/span><span class=\"s1\"><br \/>\n  <b>Azienda Ospedaliero Universitaria Policlinico &#8211; Giovanni XXIII de Bari &#8211; Service de psychologie<br \/> <\/b><br \/>\n<\/span><span class=\"s1\">Via Amendola, 207 &#8211; Bari<br \/> <\/span> <span class=\"s1\">T\u00e9l. 080 5596827<br \/> <\/span><span class=\"s2\">Courriel : <span class=\"s3\"><br \/>\n  <a href=\"mailto:info@giadainfanzia.it\">info@giadainfanzia.it<\/a><br \/>\n  <a href=\"mailto:info@giadainfanzia.it\">  <\/a><br \/>\n<\/span> <\/span><span class=\"s2\">Site : <a href=\"http:\/\/www.giadainfanzia.it\/\"><br \/>\n  <span class=\"s3\">http:\/\/www.giadainfanzia.it<\/span><br \/>\n<\/a><\/span><\/p>\n<p>[\/et_pb_text][et_pb_text admin_label=\u00a0\u00bbText\u00a0\u00bb _builder_version=\u00a0\u00bb3.0.82&Prime; background_size=\u00a0\u00bbinitial\u00a0\u00bb background_position=\u00a0\u00bbtop_left\u00a0\u00bb background_repeat=\u00a0\u00bbrepeat\u00a0\u00bb module_alignment=\u00a0\u00bbleft\u00a0\u00bb]<\/p>\n<h3>AOPI &#8211; Association italienne des h\u00f4pitaux p\u00e9diatriques<\/h3>\n<p><b><img loading=\"lazy\" decoding=\"async\" src=\"https:\/\/nonscuoterlo.terredeshommes.it\/wp-content\/uploads\/2021\/04\/aopi-sito.jpg\" width=\"150\" height=\"150\" alt=\"\" class=\"wp-image-164 alignleft size-full\"><\/b><\/p>\n<p class=\"p1\"><span class=\"s1\"><br \/>\n  <b>AOPI &#8211; Association des h\u00f4pitaux p\u00e9diatriques italiens<br \/><\/b><br \/>\n<\/span>Si\u00e8ge social : Viale Pieraccini, 24 &#8211; Florence  <br \/>T\u00e9l : 055 5662280<br \/>Courriel : <a href=\"mailto:segreteria@aopi.it\">segreteria@aopi.it<\/a><br \/>Site web<a href=\"%20http:\/\/www.aopi.it\/\">: http:\/\/www.aopi.it\/<\/a><br \/><span class=\"s2\"><\/span><\/p>\n<p>[\/et_pb_text][\/et_pb_column][\/et_pb_row][\/et_pb_section]<\/p>\n","protected":false},"excerpt":{"rendered":"<p>Terre des Hommes Italie Via M. M. Boiardo 6 &#8211; 20127 Milan Tel +39 02 28970418 comunicazione@tdhitaly.org Clinique ambulatoire Bambi Turin Clinique ambulatoire Bambi Azienda Ospedaliero-Universitaria Citt\u00e0 della Salute e [&hellip;]<\/p>\n","protected":false},"author":2,"featured_media":0,"parent":0,"menu_order":0,"comment_status":"closed","ping_status":"closed","template":"","meta":{"_et_pb_use_builder":"on","_et_pb_old_content":"","_et_gb_content_width":"","_monsterinsights_skip_tracking":false,"_monsterinsights_sitenote_active":false,"_monsterinsights_sitenote_note":"","_monsterinsights_sitenote_category":0,"footnotes":""},"class_list":["post-584","page","type-page","status-publish","hentry"],"_links":{"self":[{"href":"https:\/\/nonscuoterlo.terredeshommes.it\/fr\/wp-json\/wp\/v2\/pages\/584","targetHints":{"allow":["GET"]}}],"collection":[{"href":"https:\/\/nonscuoterlo.terredeshommes.it\/fr\/wp-json\/wp\/v2\/pages"}],"about":[{"href":"https:\/\/nonscuoterlo.terredeshommes.it\/fr\/wp-json\/wp\/v2\/types\/page"}],"author":[{"embeddable":true,"href":"https:\/\/nonscuoterlo.terredeshommes.it\/fr\/wp-json\/wp\/v2\/users\/2"}],"replies":[{"embeddable":true,"href":"https:\/\/nonscuoterlo.terredeshommes.it\/fr\/wp-json\/wp\/v2\/comments?post=584"}],"version-history":[{"count":0,"href":"https:\/\/nonscuoterlo.terredeshommes.it\/fr\/wp-json\/wp\/v2\/pages\/584\/revisions"}],"wp:attachment":[{"href":"https:\/\/nonscuoterlo.terredeshommes.it\/fr\/wp-json\/wp\/v2\/media?parent=584"}],"curies":[{"name":"wp","href":"https:\/\/api.w.org\/{rel}","templated":true}]}}