{"id":638,"date":"2017-10-23T16:37:51","date_gmt":"2017-10-23T14:37:51","guid":{"rendered":"https:\/\/nonscuoterlo.terredeshommes.it\/en-savoir-plus\/faq-questions-et-reponses\/"},"modified":"2024-01-11T17:38:07","modified_gmt":"2024-01-11T16:38:07","slug":"faq-questions-et-reponses","status":"publish","type":"page","link":"https:\/\/nonscuoterlo.terredeshommes.it\/fr\/en-savoir-plus\/faq-questions-et-reponses\/","title":{"rendered":"FAQ &#8211; Questions et r\u00e9ponses"},"content":{"rendered":"<p>[et_pb_section bb_built=\u00a0\u00bb1&Prime; fullwidth=\u00a0\u00bbon\u00a0\u00bb specialty=\u00a0\u00bboff\u00a0\u00bb inner_shadow=\u00a0\u00bboff\u00a0\u00bb parallax=\u00a0\u00bboff\u00a0\u00bb background_color=\u00a0\u00bb#2ea3f2&Prime;][et_pb_fullwidth_slider _builder_version=\u00a0\u00bb3.0.82&Prime; show_arrows=\u00a0\u00bboff\u00a0\u00bb show_pagination=\u00a0\u00bboff\u00a0\u00bb show_inner_shadow=\u00a0\u00bbon\u00a0\u00bb custom_button=\u00a0\u00bboff\u00a0\u00bb button_icon_placement=\u00a0\u00bbright\u00a0\u00bb box_shadow_position_button=\u00a0\u00bbouter\u00a0\u00bb box_shadow_position=\u00a0\u00bbouter\u00a0\u00bb show_content_on_mobile=\u00a0\u00bbon\u00a0\u00bb show_cta_on_mobile=\u00a0\u00bbon\u00a0\u00bb show_image_video_mobile=\u00a0\u00bboff\u00a0\u00bb saved_tabs=\u00a0\u00bball\u00a0\u00bb]<\/p>\n<p>[et_pb_slide _builder_version=\u00a0\u00bb3.0.82&Prime; heading=\u00a0\u00bbFaq : Questions et r\u00e9ponses\u00a0\u00bb use_background_color_gradient=\u00a0\u00bboff\u00a0\u00bb background_color_gradient_start=\u00a0\u00bb#2b87da\u00a0\u00bb background_color_gradient_end=\u00a0\u00bb#29c4a9&Prime; background_color_gradient_type=\u00a0\u00bblinear\u00a0\u00bb background_color_gradient_direction=\u00a0\u00bb180deg\u00a0\u00bb background_color_gradient_direction_radial=\u00a0\u00bbcenter\u00a0\u00bb background_color_gradient_start_position=\u00a0\u00bb0%\u00a0\u00bb background_color_gradient_end_position=\u00a0\u00bb100%\u00a0\u00bb background_image=\u00a0\u00bbhttps:\/\/nonscuoterlo.terredeshommes.it\/wp-content\/uploads\/2017\/10\/img_faq.jpg\u00a0\u00bb parallax=\u00a0\u00bbon\u00a0\u00bb parallax_method=\u00a0\u00bbon\u00a0\u00bb background_size=\u00a0\u00bbcover\u00a0\u00bb background_position=\u00a0\u00bbcenter\u00a0\u00bb background_repeat=\u00a0\u00bbno-repeat\u00a0\u00bb background_blend=\u00a0\u00bbnormal\u00a0\u00bb allow_player_pause=\u00a0\u00bboff\u00a0\u00bb use_bg_overlay=\u00a0\u00bboff\u00a0\u00bb use_text_overlay=\u00a0\u00bboff\u00a0\u00bb text_border_radius=\u00a0\u00bb3&Prime; alignment=\u00a0\u00bbcenter\u00a0\u00bb background_layout=\u00a0\u00bbdark\u00a0\u00bb header_font_select=\u00a0\u00bbdefault\u00a0\u00bb header_font=\u00a0\u00bb||||\u00a0\u00bb body_font_select=\u00a0\u00bbdefault\u00a0\u00bb body_font=\u00a0\u00bb||||\u00a0\u00bb custom_button=\u00a0\u00bboff\u00a0\u00bb button_bg_use_color_gradient=\u00a0\u00bboff\u00a0\u00bb button_bg_color_gradient_start=\u00a0\u00bb#2b87da\u00a0\u00bb button_bg_color_gradient_end=\u00a0\u00bb#29c4a9&Prime; button_bg_color_gradient_type=\u00a0\u00bblinear\u00a0\u00bb button_bg_color_gradient_direction_radial=\u00a0\u00bbcenter\u00a0\u00bb button_bg_size=\u00a0\u00bbcover\u00a0\u00bb button_bg_position=\u00a0\u00bbcenter\u00a0\u00bb button_bg_repeat=\u00a0\u00bbno-repeat\u00a0\u00bb button_bg_blend=\u00a0\u00bbnormal\u00a0\u00bb button_font_select=\u00a0\u00bbdefault\u00a0\u00bb button_font=\u00a0\u00bb||||\u00a0\u00bb button_use_icon=\u00a0\u00bbon\u00a0\u00bb button_icon_placement=\u00a0\u00bbright\u00a0\u00bb button_on_hover=\u00a0\u00bbon\u00a0\u00bb box_shadow_style_button=\u00a0\u00bbnone\u00a0\u00bb box_shadow_color_button=\u00a0\u00bbrgba(0,0,0,0.3)\u00a0\u00bb box_shadow_position_button=\u00a0\u00bbouter\u00a0\u00bb \/]<\/p>\n<p>[\/et_pb_fullwidth_slider][\/et_pb_section][et_pb_section bb_built=\u00a0\u00bb1&Prime;][et_pb_row][et_pb_column type=\u00a0\u00bb4_4&Prime;][et_pb_text admin_label=\u00a0\u00bbText\u00a0\u00bb _builder_version=\u00a0\u00bb3.0.82&Prime; background_layout=\u00a0\u00bblight\u00a0\u00bb border_style=\u00a0\u00bbsolid\u00a0\u00bb box_shadow_position=\u00a0\u00bbouter\u00a0\u00bb]<\/p>\n<h2 class=\"\" style=\"color:#00adb4\">FAQ &#8211; Questions et r\u00e9ponses<\/h2>\n<p>&nbsp;<\/p>\n<p>[\/et_pb_text][et_pb_toggle _builder_version=\u00a0\u00bb3.0.82&Prime; title=\u00a0\u00bbQu&apos;est-ce que le syndrome du b\u00e9b\u00e9 secou\u00e9\/traumatisme cr\u00e2nien agressif (SBS\/TCA) ?\u00a0\u00bb open=\u00a0\u00bboff\u00a0\u00bb border_style=\u00a0\u00bbsolid\u00a0\u00bb box_shadow_position=\u00a0\u00bbouter\u00a0\u00bb icon_color=\u00a0\u00bb#00adb4&Prime; open_toggle_background_color=\u00a0\u00bbrgba(0,173,180,0.25)\u00a0\u00bb title_font=\u00a0\u00bb|on|||\u00a0\u00bb]<\/p>\n<p>L&rsquo;American Academy of Pediatrics d\u00e9finit le syndrome du b\u00e9b\u00e9 secou\u00e9 comme suit : il s&rsquo;agit d&rsquo;un terme souvent utilis\u00e9 par les m\u00e9decins et le public pour d\u00e9crire un traumatisme cr\u00e2nien survenu \u00e0 la suite d&rsquo;abus commis sur des nourrissons et des jeunes enfants. Bien que le fait de secouer un nourrisson puisse potentiellement provoquer des l\u00e9sions neurologiques, les secousses et les chocs violents peuvent \u00e9galement causer des dommages.<\/p>\n<p>[\/et_pb_toggle][et_pb_toggle _builder_version=\u00a0\u00bb3.0.82&Prime; title=\u00a0\u00bbQue se passe-t-il au niveau du cerveau lorsque l&apos;enfant est secou\u00e9 ?\u00a0\u00bb open=\u00a0\u00bboff\u00a0\u00bb border_style=\u00a0\u00bbsolid\u00a0\u00bb box_shadow_position=\u00a0\u00bbouter\u00a0\u00bb icon_color=\u00a0\u00bb#00adb4&Prime; open_toggle_background_color=\u00a0\u00bbrgba(0,173,180,0.25)\u00a0\u00bb title_font=\u00a0\u00bb|on|||\u00a0\u00bb]<\/p>\n<p>Le cerveau d&rsquo;un nourrisson contient un pourcentage plus \u00e9lev\u00e9 d&rsquo;eau et moins de my\u00e9linisation que celui d&rsquo;un adulte ; il est \u00e9galement plus g\u00e9latineux et est facilement comprim\u00e9 et d\u00e9form\u00e9 \u00e0 l&rsquo;int\u00e9rieur du cr\u00e2ne lors des secousses. Lorsqu&rsquo;il est secou\u00e9, le cerveau du nourrisson se d\u00e9place en tournant \u00e0 une vitesse diff\u00e9rente de celle du cr\u00e2ne, qui a tendance \u00e0 rester plus stable : cela g\u00e9n\u00e8re des forces rotatives et angulaires dans la t\u00eate. La latence entre le mouvement plus lent du cr\u00e2ne et le mouvement plus rapide du cerveau cr\u00e9e un \u00e9tirement et, dans certains cas, une d\u00e9chirure des vaisseaux sanguins. Les l\u00e9sions des vaisseaux entra\u00eenent des h\u00e9morragies c\u00e9r\u00e9brales ou des h\u00e9morragies sous-durales.<\/p>\n<p>[\/et_pb_toggle][et_pb_toggle _builder_version=\u00a0\u00bb3.0.82&Prime; title=\u00a0\u00bbQuels sont les facteurs d\u00e9clenchants du syndrome du b\u00e9b\u00e9 secou\u00e9\/traumatisme cr\u00e2nien agressif (SBS\/TCA) ?\u00a0\u00bb open=\u00a0\u00bboff\u00a0\u00bb border_style=\u00a0\u00bbsolid\u00a0\u00bb box_shadow_position=\u00a0\u00bbouter\u00a0\u00bb icon_color=\u00a0\u00bb#00adb4&Prime; open_toggle_background_color=\u00a0\u00bbrgba(0,173,180,0.25)\u00a0\u00bb title_font=\u00a0\u00bb|on|||\u00a0\u00bb]<\/p>\n<p>L&rsquo;action de secouer l&rsquo;enfant est g\u00e9n\u00e9ralement mise en \u0153uvre en r\u00e9ponse \u00e0 des pleurs inconsolables dont l&rsquo;adulte ne saisit pas la signification communicative, de sorte qu&rsquo;il peut se sentir impuissant au point d&rsquo;activer inconsciemment un comportement inappropri\u00e9, tel que secouer l&rsquo;enfant, pour tenter de le calmer. Les auteurs du SBS\/AHT sont principalement les parents, mais ils sont rejoints par toutes les figures \u00e9ducatives avec lesquelles l&rsquo;enfant est partag\u00e9 (caregivers) : grands-parents, baby-sitters, pu\u00e9ricultrices, etc.<\/p>\n<p>[\/et_pb_toggle][et_pb_toggle _builder_version=\u00a0\u00bb3.0.82&Prime; title=\u00a0\u00bbQu&apos;est-ce qu&apos;une h\u00e9morragie sous-durale ?\u00a0\u00bb open=\u00a0\u00bboff\u00a0\u00bb border_style=\u00a0\u00bbsolid\u00a0\u00bb box_shadow_position=\u00a0\u00bbouter\u00a0\u00bb icon_color=\u00a0\u00bb#00adb4&Prime; open_toggle_background_color=\u00a0\u00bbrgba(0,173,180,0.25)\u00a0\u00bb title_font=\u00a0\u00bb|on|||\u00a0\u00bb]<\/p>\n<p>Un h\u00e9matome sous-dural, ou h\u00e9morragie, est g\u00e9n\u00e9ralement caus\u00e9 par un traumatisme cr\u00e2nien suffisamment grave pour entra\u00eener une rupture\/lac\u00e9ration des vaisseaux sanguins. Cela peut entra\u00eener une accumulation de sang entre l&rsquo;os et le cerveau (sous la dure-m\u00e8re), ce qui comprime le cerveau lui-m\u00eame. Le traumatisme cr\u00e2nien d\u00e9chire les vaisseaux sanguins qui courent \u00e0 la surface du cerveau.<\/p>\n<p>[\/et_pb_toggle][et_pb_toggle _builder_version=\u00a0\u00bb3.0.82&Prime; title=\u00a0\u00bbQuelle force est n\u00e9cessaire pour causer un dommage dans le contexte du syndrome du b\u00e9b\u00e9 secou\u00e9\/traumatisme cr\u00e2nien agressif (SBS\/AHT) ? Combien de fois faut-il secouer un nourrisson ou un jeune enfant pour qu&apos;il soit bless\u00e9 ?\u00a0\u00bb open=\u00a0\u00bboff\u00a0\u00bb border_style=\u00a0\u00bbsolid\u00a0\u00bb box_shadow_position=\u00a0\u00bbouter\u00a0\u00bb icon_color=\u00a0\u00bb#00adb4&Prime; open_toggle_background_color=\u00a0\u00bbrgba(0,173,180,0.25)\u00a0\u00bb title_font=\u00a0\u00bb|on|||\u00a0\u00bb]<\/p>\n<p>Les blessures observ\u00e9es dans les cas de SBS\/AHT sont caus\u00e9es par des secousses violentes et, dans certains cas, par un impact. Elles sont dues \u00e0 l&rsquo;acc\u00e9l\u00e9ration et \u00e0 la d\u00e9c\u00e9l\u00e9ration rapides et r\u00e9p\u00e9t\u00e9es de la t\u00eate de la victime, qui se balance d&rsquo;avant en arri\u00e8re et d&rsquo;un c\u00f4t\u00e9 \u00e0 l&rsquo;autre de mani\u00e8re d\u00e9sordonn\u00e9e, provoquant des l\u00e9sions des structures intracr\u00e2niennes (vaisseaux sanguins, neurones, faisceaux de nerfs).<\/p>\n<p>Les l\u00e9sions par secousses ne sont pas caus\u00e9es par des mouvements al\u00e9atoires ou accidentels dans le cadre des soins quotidiens prodigu\u00e9s \u00e0 l&rsquo;enfant ou du jeu, mais impliquent, pour \u00eatre g\u00e9n\u00e9r\u00e9es, l&rsquo;exercice d&rsquo;une force massive et violente par la personne qui s&rsquo;occupe de l&rsquo;enfant. Une seule secousse suffit \u00e0 provoquer des l\u00e9sions traumatiques au cerveau du nourrisson ou de l&rsquo;enfant.<\/p>\n<p>[\/et_pb_toggle][et_pb_toggle _builder_version=\u00a0\u00bb3.0.82&Prime; title=\u00a0\u00bbQu&apos;est-ce que la r\u00e9tine oculaire ?\u00a0\u00bb open=\u00a0\u00bboff\u00a0\u00bb border_style=\u00a0\u00bbsolid\u00a0\u00bb box_shadow_position=\u00a0\u00bbouter\u00a0\u00bb icon_color=\u00a0\u00bb#00adb4&Prime; open_toggle_background_color=\u00a0\u00bbrgba(0,173,180,0.25)\u00a0\u00bb title_font=\u00a0\u00bb|on|||\u00a0\u00bb]<\/p>\n<p>La r\u00e9tine est une couche sensible \u00e0 la lumi\u00e8re situ\u00e9e au fond de l&rsquo;\u0153il et couvrant environ 65 % de sa surface interne. Les cellules photosensibles de la r\u00e9tine, appel\u00e9es c\u00f4nes et b\u00e2tonnets, convertissent l&rsquo;\u00e9nergie lumineuse en signaux nerveux qui sont transmis au cerveau par le nerf optique. En termes simples, la r\u00e9tine est la paroi interne de l&rsquo;\u0153il.<\/p>\n<p>[\/et_pb_toggle][et_pb_toggle _builder_version=\u00a0\u00bb3.0.82&Prime; title=\u00a0\u00bbQu&apos;arrive-t-il aux yeux pendant les secousses ?\u00a0\u00bb open=\u00a0\u00bboff\u00a0\u00bb border_style=\u00a0\u00bbsolid\u00a0\u00bb box_shadow_position=\u00a0\u00bbouter\u00a0\u00bb icon_color=\u00a0\u00bb#00adb4&Prime; open_toggle_background_color=\u00a0\u00bbrgba(0,173,180,0.25)\u00a0\u00bb title_font=\u00a0\u00bb|on|||\u00a0\u00bb]<\/p>\n<p>Le m\u00eame type de mouvement violent que le cerveau subit lorsqu&rsquo;il est secou\u00e9 se produit \u00e9galement dans l&rsquo;\u0153il. Lorsqu&rsquo;un enfant est violemment secou\u00e9, le globe oculaire et son contenu se d\u00e9placent d&rsquo;avant en arri\u00e8re et dans de nombreuses directions \u00e0 l&rsquo;int\u00e9rieur de l&rsquo;orbite. Les forces produites lors des secousses peuvent faire glisser les couches de la r\u00e9tine les unes sur les autres, entra\u00eenant un \u00e9tirement et une d\u00e9chirure des vaisseaux r\u00e9tiniens, provoquant des h\u00e9morragies dans les couches de la r\u00e9tine, plus ou moins graves selon la force exerc\u00e9e.<\/p>\n<p>[\/et_pb_toggle][et_pb_toggle _builder_version=\u00a0\u00bb3.0.82&Prime; title=\u00a0\u00bbQue sont les h\u00e9morragies r\u00e9tiniennes et quel est leur lien avec le syndrome du b\u00e9b\u00e9 secou\u00e9\/traumatisme cr\u00e2nien agressif (SBS\/AHT) ?\u00a0\u00bb open=\u00a0\u00bboff\u00a0\u00bb border_style=\u00a0\u00bbsolid\u00a0\u00bb box_shadow_position=\u00a0\u00bbouter\u00a0\u00bb icon_color=\u00a0\u00bb#00adb4&Prime; open_toggle_background_color=\u00a0\u00bbrgba(0,173,180,0.25)\u00a0\u00bb title_font=\u00a0\u00bb|on|||\u00a0\u00bb]<\/p>\n<p>Les saignements \u00e0 l&rsquo;int\u00e9rieur des couches de la r\u00e9tine sont appel\u00e9s h\u00e9morragies r\u00e9tiniennes. Les h\u00e9morragies r\u00e9tiniennes, en particulier celles qui se produisent dans l&rsquo;ora serrata et celles qui touchent plusieurs couches de la r\u00e9tine, sont fr\u00e9quemment observ\u00e9es dans les cas de SBS\/AHT et sont peu fr\u00e9quentes dans d&rsquo;autres types de traumatismes cr\u00e2niens. Les h\u00e9morragies r\u00e9tiniennes touchent g\u00e9n\u00e9ralement les deux yeux (bilat\u00e9rales), mais peuvent aussi \u00eatre unilat\u00e9rales (un seul \u0153il). Ce type de saignement ne peut \u00eatre d\u00e9tect\u00e9 que par un m\u00e9decin \u00e9quip\u00e9 d&rsquo;instruments sp\u00e9cialis\u00e9s.<\/p>\n<p>[\/et_pb_toggle][et_pb_toggle _builder_version=\u00a0\u00bb3.0.82&Prime; title=\u00a0\u00bbQuels autres dommages peuvent \u00eatre caus\u00e9s par les secousses ?\u00a0\u00bb open=\u00a0\u00bboff\u00a0\u00bb border_style=\u00a0\u00bbsolid\u00a0\u00bb box_shadow_position=\u00a0\u00bbouter\u00a0\u00bb icon_color=\u00a0\u00bb#00adb4&Prime; open_toggle_background_color=\u00a0\u00bbrgba(0,173,180,0.25)\u00a0\u00bb title_font=\u00a0\u00bb|on|||\u00a0\u00bb]<\/p>\n<p>D&rsquo;autres l\u00e9sions peuvent survenir \u00e0 la suite de secousses : \u0153d\u00e8me c\u00e9r\u00e9bral (gonflement du cerveau), contusions c\u00e9r\u00e9brales, h\u00e9matomes externes sur la t\u00eate, h\u00e9matomes sur le corps, fractures du cr\u00e2ne, fractures des c\u00f4tes, fractures des os longs (par exemple du f\u00e9mur ou de l&rsquo;hum\u00e9rus), l\u00e9sions du cou et de la colonne vert\u00e9brale, ou autres l\u00e9sions qui ne peuvent \u00eatre expliqu\u00e9es par un \u00e9tat pathologique organique ou par un traumatisme accidentel.<\/p>\n<p>[\/et_pb_toggle][et_pb_toggle _builder_version=\u00a0\u00bb3.0.82&Prime; title=\u00a0\u00bbLes chutes peuvent-elles provoquer des blessures similaires \u00e0 celles du syndrome du b\u00e9b\u00e9 secou\u00e9\/traumatisme cr\u00e2nien agressif (SBS\/AHT) ?\u00a0\u00bb open=\u00a0\u00bboff\u00a0\u00bb border_style=\u00a0\u00bbsolid\u00a0\u00bb box_shadow_position=\u00a0\u00bbouter\u00a0\u00bb icon_color=\u00a0\u00bb#00adb4&Prime; open_toggle_background_color=\u00a0\u00bbrgba(0,173,180,0.25)\u00a0\u00bb title_font=\u00a0\u00bb|on|||\u00a0\u00bb]<\/p>\n<p>Les chutes accidentelles, m\u00eame dans les escaliers, ne sont g\u00e9n\u00e9ralement pas responsables des l\u00e9sions c\u00e9r\u00e9brales chez les nourrissons. Les accidents domestiques, tels que les chutes de meubles ou d&rsquo;escaliers, entra\u00eenent le plus souvent des blessures l\u00e9g\u00e8res. Les dommages caus\u00e9s par des impacts \u00e0 grande vitesse, des chutes de grande hauteur ou sur des surfaces extr\u00eamement dures peuvent entra\u00eener des blessures plus graves, similaires \u00e0 celles observ\u00e9es dans les cas de SBS\/AHT.<\/p>\n<p>[\/et_pb_toggle][et_pb_toggle _builder_version=\u00a0\u00bb3.0.82&Prime; title=\u00a0\u00bbQuels sont les facteurs pr\u00e9disposants dans le cas du syndrome du b\u00e9b\u00e9 secou\u00e9\/traumatisme cr\u00e2nien agressif (SBS\/AHT) ?\u00a0\u00bb open=\u00a0\u00bboff\u00a0\u00bb border_style=\u00a0\u00bbsolid\u00a0\u00bb box_shadow_position=\u00a0\u00bbouter\u00a0\u00bb icon_color=\u00a0\u00bb#00adb4&Prime; open_toggle_background_color=\u00a0\u00bbrgba(0,173,180,0.25)\u00a0\u00bb title_font=\u00a0\u00bb|on|||\u00a0\u00bb]<\/p>\n<p>Les parents ont la t\u00e2che importante d&rsquo;apprendre \u00e0 \u00e9couter et \u00e0 comprendre correctement les pleurs de leur enfant. En fait, surtout au cours des premiers mois, la personne qui s&rsquo;occupe de l&rsquo;enfant doit apprendre \u00e0 d\u00e9coder les diff\u00e9rentes formes de pleurs afin de pouvoir y r\u00e9pondre par le comportement le plus fonctionnel (soins, protection, confort, etc.). Cette harmonisation peut \u00eatre compromise par des facteurs de risque parentaux tels que le sentiment d&rsquo;impuissance, les probl\u00e8mes personnels non r\u00e9solus, les exp\u00e9riences traumatisantes, les conflits familiaux, les croyances parentales irr\u00e9alistes, la toxicomanie, le jeune \u00e2ge des parents, les probl\u00e8mes \u00e9conomiques et, enfin, l&rsquo;appartenance \u00e0 une culture qui inclut la violence dans les pratiques \u00e9ducatives.<\/p>\n<p>[\/et_pb_toggle][et_pb_toggle _builder_version=\u00a0\u00bb3.0.82&Prime; title=\u00a0\u00bbQue sont les tomographies et les IRM et comment sont-elles utilis\u00e9es pour diagnostiquer le syndrome du b\u00e9b\u00e9 secou\u00e9\/traumatisme cr\u00e2nien agressif (SBS\/AHT) ?\u00a0\u00bb open=\u00a0\u00bboff\u00a0\u00bb border_style=\u00a0\u00bbsolid\u00a0\u00bb box_shadow_position=\u00a0\u00bbouter\u00a0\u00bb icon_color=\u00a0\u00bb#00adb4&Prime; open_toggle_background_color=\u00a0\u00bbrgba(0,173,180,0.25)\u00a0\u00bb title_font=\u00a0\u00bb|on|||\u00a0\u00bb]<\/p>\n<p>La tomodensitom\u00e9trie (CT) est une technique de radiographie qui permet d&rsquo;obtenir une image d\u00e9taill\u00e9e de la structure des tissus en coupe transversale. L&rsquo;IRM (imagerie par r\u00e9sonance magn\u00e9tique nucl\u00e9aire) est une technologie d&rsquo;imagerie diagnostique qui permet de prendre des images des organes et de diverses structures du corps, fournissant ainsi des informations sur le corps diff\u00e9rentes de celles produites par une radiographie, une \u00e9chographie ou une tomodensitom\u00e9trie.<\/p>\n<p>Le scanner a une r\u00e9solution et un niveau de d\u00e9tail suffisants pour permettre \u00e0 un m\u00e9decin d&rsquo;\u00e9valuer une l\u00e9sion c\u00e9r\u00e9brale aigu\u00eb chez un enfant maltrait\u00e9. Les IRM doivent \u00eatre r\u00e9alis\u00e9es quelques jours \u00e0 une semaine apr\u00e8s la blessure pour diagnostiquer plus pr\u00e9cis\u00e9ment les types de l\u00e9sions c\u00e9r\u00e9brales et d\u00e9tecter les changements dans le tissu c\u00e9r\u00e9bral. La plupart des fractures du cr\u00e2ne sont mieux document\u00e9es par une radiographie.<\/p>\n<p>[\/et_pb_toggle][et_pb_toggle _builder_version=\u00a0\u00bb3.0.82&Prime; title=\u00a0\u00bbComment la date et le moment des blessures sont-ils d\u00e9termin\u00e9s ?\u00a0\u00bb open=\u00a0\u00bboff\u00a0\u00bb border_style=\u00a0\u00bbsolid\u00a0\u00bb box_shadow_position=\u00a0\u00bbouter\u00a0\u00bb icon_color=\u00a0\u00bb#00adb4&Prime; open_toggle_background_color=\u00a0\u00bbrgba(0,173,180,0.25)\u00a0\u00bb title_font=\u00a0\u00bb|on|||\u00a0\u00bb]<\/p>\n<p>L&rsquo;anamn\u00e8se ou les ant\u00e9c\u00e9dents m\u00e9dicaux, les donn\u00e9es physiologiques et l&rsquo;imagerie sont trois (3) sources d&rsquo;information que les m\u00e9decins utilisent pour dater les l\u00e9sions (c\u00e9r\u00e9brales, rachidiennes, r\u00e9tiniennes).<\/p>\n<p>[\/et_pb_toggle][et_pb_toggle _builder_version=\u00a0\u00bb3.0.82&Prime; title=\u00a0\u00bbQuelles sont les perspectives d&apos;avenir ou le pronostic pour les victimes du syndrome du b\u00e9b\u00e9 secou\u00e9\/traumatisme cr\u00e2nien agressif (SBS\/AHT) ?\u00a0\u00bb open=\u00a0\u00bboff\u00a0\u00bb border_style=\u00a0\u00bbsolid\u00a0\u00bb box_shadow_position=\u00a0\u00bbouter\u00a0\u00bb icon_color=\u00a0\u00bb#00adb4&Prime; open_toggle_background_color=\u00a0\u00bbrgba(0,173,180,0.25)\u00a0\u00bb title_font=\u00a0\u00bb|on|||\u00a0\u00bb]<\/p>\n<p>L&rsquo;\u00e9volution de la situation des victimes du SBS\/AHT d\u00e9pend fortement de la gravit\u00e9 de l&rsquo;abus. Un tiers (1\/3) des victimes du SBS\/AHT qui d\u00e9veloppent des sympt\u00f4mes ne pr\u00e9sentent pas de troubles particuli\u00e8rement invalidants ou leurs cons\u00e9quences ne sont pas aussi bien d\u00e9finies. Les r\u00e9sultats d&rsquo;intensit\u00e9 moyenne comprennent les troubles de l&rsquo;apprentissage, les troubles cognitifs\/mentaux ou les troubles du comportement. D&rsquo;autres enfants souffrent de crises d&rsquo;\u00e9pilepsie ou d&rsquo;un retard de d\u00e9veloppement mental ou psychomoteur. De nombreux enfants sont atteints de c\u00e9cit\u00e9, de d\u00e9ficience mentale profonde, de dipl\u00e9gie spastique (paralysie des deux c\u00f4t\u00e9s) ou de quadripl\u00e9gie (de tous les c\u00f4t\u00e9s). Certains enfants d\u00e9veloppent une paralysie c\u00e9r\u00e9brale ou vivent dans un \u00e9tat v\u00e9g\u00e9tatif persistant.<\/p>\n<p>[\/et_pb_toggle][et_pb_toggle _builder_version=\u00a0\u00bb3.0.82&Prime; title=\u00a0\u00bbComment pr\u00e9venir le syndrome du b\u00e9b\u00e9 secou\u00e9\/traumatisme cr\u00e2nien agressif (SBS\/TCA) ?\u00a0\u00bb open=\u00a0\u00bboff\u00a0\u00bb border_style=\u00a0\u00bbsolid\u00a0\u00bb box_shadow_position=\u00a0\u00bbouter\u00a0\u00bb icon_color=\u00a0\u00bb#00adb4&Prime; open_toggle_background_color=\u00a0\u00bbrgba(0,173,180,0.25)\u00a0\u00bb title_font=\u00a0\u00bb|on|||\u00a0\u00bb]<\/p>\n<p>La pr\u00e9vention des abus\/maltraitances envers les enfants, et en particulier du SBS\/AHT, comprend : des cours de formation pour les parents\/soignants sur les sch\u00e9mas normaux de pleurs des nourrissons ; une sensibilisation accrue du public ; une intervention de secours pour les parents\/soignants d\u00e9bord\u00e9s ; un plan d&rsquo;action pour les parents qui se sentent en col\u00e8re ou \u00e9puis\u00e9s lorsqu&rsquo;ils s&rsquo;occupent du nourrisson\/de l&rsquo;enfant. Lorsque les pleurs sont inconsolables et que le parent estime ne plus pouvoir les supporter, il faut : laisser l&rsquo;enfant en lieu s\u00fbr et s&rsquo;\u00e9loigner jusqu&rsquo;\u00e0 ce qu&rsquo;il retrouve une certaine contenance ; demander de l&rsquo;aide \u00e0 d&rsquo;autres membres de la famille ou \u00e0 des amis ; et laisser un m\u00e9decin rendre visite au nourrisson\/\u00e0 l&rsquo;enfant s&rsquo;il y a des doutes sur son \u00e9tat de sant\u00e9.<\/p>\n<p>[\/et_pb_toggle][\/et_pb_column][\/et_pb_row][\/et_pb_section]<\/p>\n","protected":false},"excerpt":{"rendered":"<p><div class=\"et_pb_row et_pb_row_0 et_pb_row_empty\">\n\t\t\t\t\n\t\t\t\t\n\t\t\t\t\n\t\t\t\t\n\t\t\t\t\n\t\t\t<\/div> FAQ &#8211; Questions et r\u00e9ponses &nbsp; L&rsquo;American Academy of Pediatrics d\u00e9finit le syndrome du b\u00e9b\u00e9 secou\u00e9 comme suit : il s&rsquo;agit d&rsquo;un terme souvent utilis\u00e9 par les m\u00e9decins et [&hellip;]<\/p>\n","protected":false},"author":2,"featured_media":0,"parent":604,"menu_order":0,"comment_status":"closed","ping_status":"closed","template":"","meta":{"_et_pb_use_builder":"on","_et_pb_old_content":"","_et_gb_content_width":"","_monsterinsights_skip_tracking":false,"_monsterinsights_sitenote_active":false,"_monsterinsights_sitenote_note":"","_monsterinsights_sitenote_category":0,"footnotes":""},"class_list":["post-638","page","type-page","status-publish","hentry"],"_links":{"self":[{"href":"https:\/\/nonscuoterlo.terredeshommes.it\/fr\/wp-json\/wp\/v2\/pages\/638","targetHints":{"allow":["GET"]}}],"collection":[{"href":"https:\/\/nonscuoterlo.terredeshommes.it\/fr\/wp-json\/wp\/v2\/pages"}],"about":[{"href":"https:\/\/nonscuoterlo.terredeshommes.it\/fr\/wp-json\/wp\/v2\/types\/page"}],"author":[{"embeddable":true,"href":"https:\/\/nonscuoterlo.terredeshommes.it\/fr\/wp-json\/wp\/v2\/users\/2"}],"replies":[{"embeddable":true,"href":"https:\/\/nonscuoterlo.terredeshommes.it\/fr\/wp-json\/wp\/v2\/comments?post=638"}],"version-history":[{"count":0,"href":"https:\/\/nonscuoterlo.terredeshommes.it\/fr\/wp-json\/wp\/v2\/pages\/638\/revisions"}],"up":[{"embeddable":true,"href":"https:\/\/nonscuoterlo.terredeshommes.it\/fr\/wp-json\/wp\/v2\/pages\/604"}],"wp:attachment":[{"href":"https:\/\/nonscuoterlo.terredeshommes.it\/fr\/wp-json\/wp\/v2\/media?parent=638"}],"curies":[{"name":"wp","href":"https:\/\/api.w.org\/{rel}","templated":true}]}}